{"id":1564,"date":"2025-05-05T22:24:47","date_gmt":"2025-05-06T02:24:47","guid":{"rendered":"https:\/\/gadsusudel.gob.ec\/?page_id=1564"},"modified":"2025-05-05T22:24:47","modified_gmt":"2025-05-06T02:24:47","slug":"asociacion-de-ciudades-y-municipios-flamencos","status":"publish","type":"page","link":"https:\/\/gadsusudel.gob.ec\/?page_id=1564","title":{"rendered":"Asociaci\u00f3n de Ciudades y Municipios Flamencos"},"content":{"rendered":"<p style=\"text-align: center;\"><strong>Asociaci\u00f3n de Ciudades y Municipios Flamencos<\/strong><\/p>\n<p><img loading=\"lazy\" decoding=\"async\" class=\"wp-image-1565 aligncenter\" src=\"https:\/\/gadsusudel.gob.ec\/wp-content\/uploads\/2025\/05\/Logo-VVSG.png\" alt=\"\" width=\"428\" height=\"130\" srcset=\"https:\/\/gadsusudel.gob.ec\/wp-content\/uploads\/2025\/05\/Logo-VVSG.png 1069w, https:\/\/gadsusudel.gob.ec\/wp-content\/uploads\/2025\/05\/Logo-VVSG-550x167.png 550w, https:\/\/gadsusudel.gob.ec\/wp-content\/uploads\/2025\/05\/Logo-VVSG-1024x311.png 1024w, https:\/\/gadsusudel.gob.ec\/wp-content\/uploads\/2025\/05\/Logo-VVSG-768x233.png 768w\" sizes=\"auto, (max-width: 428px) 100vw, 428px\" \/><\/p>\n<p>Asociaci\u00f3n de ciudades y municipios flamencos VVSG es la asociaci\u00f3n de los 308 municipios y ciudades flamencos que representa sus intereses ofreciendo asesoramiento, formaci\u00f3n y muchos otros servicios.<\/p>\n<p>La VVSG apoya a sus miembros en sus ambiciones internacionales en materia de cooperaci\u00f3n al desarrollo. En este \u00e1mbito, los gobiernos locales de Flandes (B\u00e9lgica) act\u00faan en dos \u00e1reas: por un lado, fortaleciendo la base de apoyo para temas y aspectos internacionales en las ciudades flamencas mediante actividades de sensibilizaci\u00f3n, y por otro, fortaleciendo las capacidades institucionales de los municipios socios. Se han establecido alrededor de 40 cooperaciones entre ciudades de Flandes y otras partes del mundo (Am\u00e9rica Latina, \u00c1frica y Asia).<\/p>\n<p>A trav\u00e9s de formaciones, orientaci\u00f3n y asesoramiento permanentes, actividades conjuntas, procesos de M&amp;E y lobbying, VVSG contribuye a una mayor profesionalizaci\u00f3n del personal municipal local en Flandes y en los pa\u00edses socios en relaci\u00f3n con todos los temas que pueden incluirse en el \u00e1rea de cooperaci\u00f3n al desarrollo.<\/p>\n<p>&nbsp;<\/p>\n<p>Bischoffsheimlaan 1-8<br \/>\n1000 &#8211; Bruselas<\/p>\n<p><strong>Tel\u00e9fono:<\/strong>\u00a0+32 2 211 55 00<\/p>\n<p><strong>Correo electr\u00f3nico:\u00a0<\/strong><a href=\"mailto:info@vvsg.be\">info@vvsg.be<\/a><\/p>\n<p><strong>Sitio web:\u00a0<\/strong><a href=\"http:\/\/www.vvsg.be\/\">www.vvsg.be<\/a><\/p>\n<blockquote class=\"wp-embedded-content\" data-secret=\"cGU5Yurk1s\"><p><a href=\"https:\/\/platforma-dev.eu\/partner\/association-of-flemish-cities-and-municipalities\/\">Association of Flemish Cities and Municipalities<\/a><\/p><\/blockquote>\n<p><iframe loading=\"lazy\" class=\"wp-embedded-content\" sandbox=\"allow-scripts\" security=\"restricted\" style=\"position: absolute; visibility: hidden;\" title=\"&#8220;Association of Flemish Cities and Municipalities&#8221; &#8212; Platforma\" src=\"https:\/\/platforma-dev.eu\/partner\/association-of-flemish-cities-and-municipalities\/embed\/#?secret=UdtYmO3k9C#?secret=cGU5Yurk1s\" data-secret=\"cGU5Yurk1s\" width=\"600\" height=\"338\" frameborder=\"0\" marginwidth=\"0\" marginheight=\"0\" scrolling=\"no\"><\/iframe><\/p>\n<p>&nbsp;<\/p>\n<p>&nbsp;<\/p>\n<p>&nbsp;<\/p>\n<p>&nbsp;<\/p>\n<blockquote class=\"wp-embedded-content\" data-secret=\"cGU5Yurk1s\"><p><a href=\"https:\/\/platforma-dev.eu\/partner\/association-of-flemish-cities-and-municipalities\/\">Association of Flemish Cities and Municipalities<\/a><\/p><\/blockquote>\n<p><iframe loading=\"lazy\" class=\"wp-embedded-content\" sandbox=\"allow-scripts\" security=\"restricted\" style=\"position: absolute; visibility: hidden;\" title=\"&#8220;Association of Flemish Cities and Municipalities&#8221; &#8212; Platforma\" src=\"https:\/\/platforma-dev.eu\/partner\/association-of-flemish-cities-and-municipalities\/embed\/#?secret=UdtYmO3k9C#?secret=cGU5Yurk1s\" data-secret=\"cGU5Yurk1s\" width=\"600\" height=\"338\" frameborder=\"0\" marginwidth=\"0\" marginheight=\"0\" scrolling=\"no\"><\/iframe><\/p>\n","protected":false},"excerpt":{"rendered":"<p>Asociaci\u00f3n de Ciudades y Municipios Flamencos Asociaci\u00f3n de ciudades y municipios flamencos VVSG es la asociaci\u00f3n de los 308 municipios y ciudades flamencos que representa sus intereses ofreciendo asesoramiento, formaci\u00f3n y muchos otros servicios. La VVSG apoya a sus miembros en sus ambiciones internacionales en materia de cooperaci\u00f3n al desarrollo. En este \u00e1mbito, los gobiernos&hellip;<\/p>\n","protected":false},"author":6,"featured_media":0,"parent":0,"menu_order":0,"comment_status":"closed","ping_status":"closed","template":"","meta":{"_joinchat":[]},"class_list":["post-1564","page","type-page","status-publish","hentry","description-off"],"_links":{"self":[{"href":"https:\/\/gadsusudel.gob.ec\/index.php?rest_route=\/wp\/v2\/pages\/1564","targetHints":{"allow":["GET"]}}],"collection":[{"href":"https:\/\/gadsusudel.gob.ec\/index.php?rest_route=\/wp\/v2\/pages"}],"about":[{"href":"https:\/\/gadsusudel.gob.ec\/index.php?rest_route=\/wp\/v2\/types\/page"}],"author":[{"embeddable":true,"href":"https:\/\/gadsusudel.gob.ec\/index.php?rest_route=\/wp\/v2\/users\/6"}],"replies":[{"embeddable":true,"href":"https:\/\/gadsusudel.gob.ec\/index.php?rest_route=%2Fwp%2Fv2%2Fcomments&post=1564"}],"version-history":[{"count":1,"href":"https:\/\/gadsusudel.gob.ec\/index.php?rest_route=\/wp\/v2\/pages\/1564\/revisions"}],"predecessor-version":[{"id":1566,"href":"https:\/\/gadsusudel.gob.ec\/index.php?rest_route=\/wp\/v2\/pages\/1564\/revisions\/1566"}],"wp:attachment":[{"href":"https:\/\/gadsusudel.gob.ec\/index.php?rest_route=%2Fwp%2Fv2%2Fmedia&parent=1564"}],"curies":[{"name":"wp","href":"https:\/\/api.w.org\/{rel}","templated":true}]}}